{"id":9,"date":"2024-04-02T18:27:32","date_gmt":"2024-04-02T16:27:32","guid":{"rendered":"https:\/\/douarnenez-treboul-location.fr\/?page_id=9"},"modified":"2024-05-18T20:37:45","modified_gmt":"2024-05-18T18:37:45","slug":"location-sables-blancs","status":"publish","type":"page","link":"https:\/\/douarnenez-treboul-location.fr\/index.php\/location-sables-blancs\/","title":{"rendered":"La location"},"content":{"rendered":"\n<blockquote class=\"wp-block-quote is-layout-flow wp-block-quote-is-layout-flow\">\n<p>T4 au 3e \u00e9tage avec ascenseurs de la r\u00e9sidence des <strong>Sables Blancs<\/strong> avec vue imprenable sur la <strong>baie de Douarnenez<\/strong>. L&rsquo;appartement comprend trois chambres, deux salles de bains, un s\u00e9jour avec coin cuisine et une terrasse abrit\u00e9e. \u00c9quip\u00e9 du wiffi par la fibre.<\/p>\n<\/blockquote>\n\n\n\n<h2 class=\"wp-block-heading\">La r\u00e9sidence des Sables Blancs<\/h2>\n\n\n\n<p>Ancienne r\u00e9sidence <em>Pierre &amp; Vacances<\/em> r\u00e9habilit\u00e9e en appartements privatifs, la r\u00e9sidence comporte une piscine priv\u00e9e chauff\u00e9e, un acc\u00e8s direct \u00e0 la plage des <strong>Sables Blancs<\/strong>, une buanderie avec laves linges et s\u00e9cheuses, une salle de jeu, un parking souterrain. Une place de parking vous est r\u00e9serv\u00e9e.<\/p>\n\n\n\n<figure class=\"wp-block-gallery has-nested-images columns-default is-cropped wp-block-gallery-1 is-layout-flex wp-block-gallery-is-layout-flex\">\n<figure class=\"wp-block-image size-large\"><img loading=\"lazy\" decoding=\"async\" width=\"1024\" height=\"768\" data-id=\"65\" src=\"https:\/\/douarnenez-treboul-location.fr\/wp-content\/uploads\/2024\/05\/IMG_5207-1024x768.jpg\" alt=\"\" class=\"wp-image-65\" srcset=\"https:\/\/douarnenez-treboul-location.fr\/wp-content\/uploads\/2024\/05\/IMG_5207-1024x768.jpg 1024w, https:\/\/douarnenez-treboul-location.fr\/wp-content\/uploads\/2024\/05\/IMG_5207-300x225.jpg 300w, https:\/\/douarnenez-treboul-location.fr\/wp-content\/uploads\/2024\/05\/IMG_5207-768x576.jpg 768w, https:\/\/douarnenez-treboul-location.fr\/wp-content\/uploads\/2024\/05\/IMG_5207-1536x1152.jpg 1536w, https:\/\/douarnenez-treboul-location.fr\/wp-content\/uploads\/2024\/05\/IMG_5207-2048x1536.jpg 2048w\" sizes=\"auto, (max-width: 767px) 89vw, (max-width: 1000px) 54vw, (max-width: 1071px) 543px, 580px\" \/><figcaption class=\"wp-element-caption\">R\u00e9dence les Sables Blancs<\/figcaption><\/figure>\n\n\n\n<figure class=\"wp-block-image size-large\"><img loading=\"lazy\" decoding=\"async\" width=\"1024\" height=\"768\" data-id=\"46\" src=\"https:\/\/douarnenez-treboul-location.fr\/wp-content\/uploads\/2024\/05\/IMG_5159-1024x768.jpg\" alt=\"\" class=\"wp-image-46\" srcset=\"https:\/\/douarnenez-treboul-location.fr\/wp-content\/uploads\/2024\/05\/IMG_5159-1024x768.jpg 1024w, https:\/\/douarnenez-treboul-location.fr\/wp-content\/uploads\/2024\/05\/IMG_5159-300x225.jpg 300w, https:\/\/douarnenez-treboul-location.fr\/wp-content\/uploads\/2024\/05\/IMG_5159-768x576.jpg 768w, https:\/\/douarnenez-treboul-location.fr\/wp-content\/uploads\/2024\/05\/IMG_5159-1536x1152.jpg 1536w, https:\/\/douarnenez-treboul-location.fr\/wp-content\/uploads\/2024\/05\/IMG_5159-2048x1536.jpg 2048w\" sizes=\"auto, (max-width: 767px) 89vw, (max-width: 1000px) 54vw, (max-width: 1071px) 543px, 580px\" \/><figcaption class=\"wp-element-caption\">Hall d&rsquo;entr\u00e9e<\/figcaption><\/figure>\n\n\n\n<figure class=\"wp-block-image size-large\"><img loading=\"lazy\" decoding=\"async\" width=\"768\" height=\"1024\" data-id=\"51\" src=\"https:\/\/douarnenez-treboul-location.fr\/wp-content\/uploads\/2024\/05\/IMG_5220-768x1024.jpg\" alt=\"\" class=\"wp-image-51\" srcset=\"https:\/\/douarnenez-treboul-location.fr\/wp-content\/uploads\/2024\/05\/IMG_5220-768x1024.jpg 768w, https:\/\/douarnenez-treboul-location.fr\/wp-content\/uploads\/2024\/05\/IMG_5220-225x300.jpg 225w, https:\/\/douarnenez-treboul-location.fr\/wp-content\/uploads\/2024\/05\/IMG_5220-1152x1536.jpg 1152w, https:\/\/douarnenez-treboul-location.fr\/wp-content\/uploads\/2024\/05\/IMG_5220-1536x2048.jpg 1536w, https:\/\/douarnenez-treboul-location.fr\/wp-content\/uploads\/2024\/05\/IMG_5220-scaled.jpg 1920w\" sizes=\"auto, (max-width: 767px) 89vw, (max-width: 1000px) 54vw, (max-width: 1071px) 543px, 580px\" \/><figcaption class=\"wp-element-caption\">Coursives d&rsquo;acc\u00e8s aux appartements<\/figcaption><\/figure>\n<\/figure>\n\n\n\n<h2 class=\"wp-block-heading\">Les chambres<\/h2>\n\n\n\n<p>L&rsquo;appartement est agenc\u00e9 avec une grande chambre parentale avec un lit deux places, une chambre avec deux lits s\u00e9par\u00e9s et enfin une petite chambre avec deux lits superpos\u00e9s.<\/p>\n\n\n\n<figure class=\"wp-block-gallery has-nested-images columns-default is-cropped wp-block-gallery-2 is-layout-flex wp-block-gallery-is-layout-flex\">\n<figure class=\"wp-block-image\"><img loading=\"lazy\" decoding=\"async\" width=\"2560\" height=\"1707\" data-id=\"39\" src=\"https:\/\/douarnenez-treboul-location.fr\/wp-content\/uploads\/2024\/05\/IMG_3700-scaled.jpg\" alt=\"\" class=\"wp-image-39\" srcset=\"https:\/\/douarnenez-treboul-location.fr\/wp-content\/uploads\/2024\/05\/IMG_3700-scaled.jpg 2560w, https:\/\/douarnenez-treboul-location.fr\/wp-content\/uploads\/2024\/05\/IMG_3700-300x200.jpg 300w, https:\/\/douarnenez-treboul-location.fr\/wp-content\/uploads\/2024\/05\/IMG_3700-1024x683.jpg 1024w, https:\/\/douarnenez-treboul-location.fr\/wp-content\/uploads\/2024\/05\/IMG_3700-768x512.jpg 768w, https:\/\/douarnenez-treboul-location.fr\/wp-content\/uploads\/2024\/05\/IMG_3700-1536x1024.jpg 1536w, https:\/\/douarnenez-treboul-location.fr\/wp-content\/uploads\/2024\/05\/IMG_3700-2048x1365.jpg 2048w\" sizes=\"auto, (max-width: 767px) 89vw, (max-width: 1000px) 54vw, (max-width: 1071px) 543px, 580px\" \/><figcaption class=\"wp-element-caption\">Chambre lit deux places<\/figcaption><\/figure>\n\n\n\n<figure class=\"wp-block-image\"><img loading=\"lazy\" decoding=\"async\" width=\"2560\" height=\"1513\" data-id=\"40\" src=\"https:\/\/douarnenez-treboul-location.fr\/wp-content\/uploads\/2024\/05\/IMG_3701-scaled.jpg\" alt=\"\" class=\"wp-image-40\" srcset=\"https:\/\/douarnenez-treboul-location.fr\/wp-content\/uploads\/2024\/05\/IMG_3701-scaled.jpg 2560w, https:\/\/douarnenez-treboul-location.fr\/wp-content\/uploads\/2024\/05\/IMG_3701-300x177.jpg 300w, https:\/\/douarnenez-treboul-location.fr\/wp-content\/uploads\/2024\/05\/IMG_3701-1024x605.jpg 1024w, https:\/\/douarnenez-treboul-location.fr\/wp-content\/uploads\/2024\/05\/IMG_3701-768x454.jpg 768w, https:\/\/douarnenez-treboul-location.fr\/wp-content\/uploads\/2024\/05\/IMG_3701-1536x908.jpg 1536w, https:\/\/douarnenez-treboul-location.fr\/wp-content\/uploads\/2024\/05\/IMG_3701-2048x1211.jpg 2048w\" sizes=\"auto, (max-width: 767px) 89vw, (max-width: 1000px) 54vw, (max-width: 1071px) 543px, 580px\" \/><figcaption class=\"wp-element-caption\">chambre avec deux lits<\/figcaption><\/figure>\n\n\n\n<figure class=\"wp-block-image\"><img loading=\"lazy\" decoding=\"async\" width=\"1707\" height=\"2560\" data-id=\"38\" src=\"https:\/\/douarnenez-treboul-location.fr\/wp-content\/uploads\/2024\/05\/IMG_3696-scaled.jpg\" alt=\"\" class=\"wp-image-38\" srcset=\"https:\/\/douarnenez-treboul-location.fr\/wp-content\/uploads\/2024\/05\/IMG_3696-scaled.jpg 1707w, https:\/\/douarnenez-treboul-location.fr\/wp-content\/uploads\/2024\/05\/IMG_3696-200x300.jpg 200w, https:\/\/douarnenez-treboul-location.fr\/wp-content\/uploads\/2024\/05\/IMG_3696-683x1024.jpg 683w, https:\/\/douarnenez-treboul-location.fr\/wp-content\/uploads\/2024\/05\/IMG_3696-768x1152.jpg 768w, https:\/\/douarnenez-treboul-location.fr\/wp-content\/uploads\/2024\/05\/IMG_3696-1024x1536.jpg 1024w, https:\/\/douarnenez-treboul-location.fr\/wp-content\/uploads\/2024\/05\/IMG_3696-1365x2048.jpg 1365w\" sizes=\"auto, (max-width: 767px) 89vw, (max-width: 1000px) 54vw, (max-width: 1071px) 543px, 580px\" \/><figcaption class=\"wp-element-caption\">chambre avec lits superpos\u00e9s<\/figcaption><\/figure>\n<\/figure>\n\n\n\n<p>Les salles de bains<\/p>\n\n\n\n<p>Le logement comprend deux salles de bains. L&rsquo;une avec une baignoire avec douche, lavabo et la seconde avec une douche, lavabo et les toilettes.<\/p>\n\n\n\n<figure class=\"wp-block-gallery has-nested-images columns-default is-cropped wp-block-gallery-3 is-layout-flex wp-block-gallery-is-layout-flex\">\n<figure class=\"wp-block-image size-large\"><img loading=\"lazy\" decoding=\"async\" width=\"1024\" height=\"683\" data-id=\"42\" src=\"https:\/\/douarnenez-treboul-location.fr\/wp-content\/uploads\/2024\/05\/IMG_3706-1024x683.jpg\" alt=\"\" class=\"wp-image-42\" srcset=\"https:\/\/douarnenez-treboul-location.fr\/wp-content\/uploads\/2024\/05\/IMG_3706-1024x683.jpg 1024w, https:\/\/douarnenez-treboul-location.fr\/wp-content\/uploads\/2024\/05\/IMG_3706-300x200.jpg 300w, https:\/\/douarnenez-treboul-location.fr\/wp-content\/uploads\/2024\/05\/IMG_3706-768x512.jpg 768w, https:\/\/douarnenez-treboul-location.fr\/wp-content\/uploads\/2024\/05\/IMG_3706-1536x1024.jpg 1536w, https:\/\/douarnenez-treboul-location.fr\/wp-content\/uploads\/2024\/05\/IMG_3706-2048x1365.jpg 2048w\" sizes=\"auto, (max-width: 767px) 89vw, (max-width: 1000px) 54vw, (max-width: 1071px) 543px, 580px\" \/><figcaption class=\"wp-element-caption\">Salle de bains avec baignoire<\/figcaption><\/figure>\n<\/figure>\n","protected":false},"excerpt":{"rendered":"<p>T4 au 3e \u00e9tage avec ascenseurs de la r\u00e9sidence des Sables Blancs avec vue imprenable sur la baie de Douarnenez. L&rsquo;appartement comprend trois chambres, deux salles de bains, un s\u00e9jour avec coin cuisine et une terrasse abrit\u00e9e. \u00c9quip\u00e9 du wiffi par la fibre. La r\u00e9sidence des Sables Blancs Ancienne r\u00e9sidence Pierre &amp; Vacances r\u00e9habilit\u00e9e en &hellip; <\/p>\n<p class=\"link-more\"><a href=\"https:\/\/douarnenez-treboul-location.fr\/index.php\/location-sables-blancs\/\" class=\"more-link\">Continuer la lecture<span class=\"screen-reader-text\"> de &laquo;&nbsp;La location&nbsp;&raquo;<\/span><\/a><\/p>\n","protected":false},"author":1,"featured_media":32,"parent":0,"menu_order":0,"comment_status":"closed","ping_status":"closed","template":"","meta":{"footnotes":""},"class_list":["post-9","page","type-page","status-publish","has-post-thumbnail","hentry"],"_links":{"self":[{"href":"https:\/\/douarnenez-treboul-location.fr\/index.php\/wp-json\/wp\/v2\/pages\/9","targetHints":{"allow":["GET"]}}],"collection":[{"href":"https:\/\/douarnenez-treboul-location.fr\/index.php\/wp-json\/wp\/v2\/pages"}],"about":[{"href":"https:\/\/douarnenez-treboul-location.fr\/index.php\/wp-json\/wp\/v2\/types\/page"}],"author":[{"embeddable":true,"href":"https:\/\/douarnenez-treboul-location.fr\/index.php\/wp-json\/wp\/v2\/users\/1"}],"replies":[{"embeddable":true,"href":"https:\/\/douarnenez-treboul-location.fr\/index.php\/wp-json\/wp\/v2\/comments?post=9"}],"version-history":[{"count":7,"href":"https:\/\/douarnenez-treboul-location.fr\/index.php\/wp-json\/wp\/v2\/pages\/9\/revisions"}],"predecessor-version":[{"id":72,"href":"https:\/\/douarnenez-treboul-location.fr\/index.php\/wp-json\/wp\/v2\/pages\/9\/revisions\/72"}],"wp:featuredmedia":[{"embeddable":true,"href":"https:\/\/douarnenez-treboul-location.fr\/index.php\/wp-json\/wp\/v2\/media\/32"}],"wp:attachment":[{"href":"https:\/\/douarnenez-treboul-location.fr\/index.php\/wp-json\/wp\/v2\/media?parent=9"}],"curies":[{"name":"wp","href":"https:\/\/api.w.org\/{rel}","templated":true}]}}