{"id":8,"date":"2024-04-02T18:27:32","date_gmt":"2024-04-02T16:27:32","guid":{"rendered":"https:\/\/douarnenez-treboul-location.fr\/?page_id=8"},"modified":"2024-05-18T16:34:14","modified_gmt":"2024-05-18T14:34:14","slug":"accueil","status":"publish","type":"page","link":"https:\/\/douarnenez-treboul-location.fr\/","title":{"rendered":"Accueil"},"content":{"rendered":"\n<h2 class=\"wp-block-heading\">Location d&rsquo;un T4 dans la r\u00e9sidence des Sables Blancs dans le petit port de p\u00eache Breton de Tr\u00e9boul \u00e0 Douarnenez.<\/h2>\n","protected":false},"excerpt":{"rendered":"<p>Location d&rsquo;un T4 dans la r\u00e9sidence des Sables Blancs dans le petit port de p\u00eache Breton de Tr\u00e9boul \u00e0 Douarnenez.<\/p>\n","protected":false},"author":2,"featured_media":32,"parent":0,"menu_order":0,"comment_status":"closed","ping_status":"closed","template":"","meta":{"footnotes":""},"class_list":["post-8","page","type-page","status-publish","has-post-thumbnail","hentry"],"_links":{"self":[{"href":"https:\/\/douarnenez-treboul-location.fr\/index.php\/wp-json\/wp\/v2\/pages\/8","targetHints":{"allow":["GET"]}}],"collection":[{"href":"https:\/\/douarnenez-treboul-location.fr\/index.php\/wp-json\/wp\/v2\/pages"}],"about":[{"href":"https:\/\/douarnenez-treboul-location.fr\/index.php\/wp-json\/wp\/v2\/types\/page"}],"author":[{"embeddable":true,"href":"https:\/\/douarnenez-treboul-location.fr\/index.php\/wp-json\/wp\/v2\/users\/2"}],"replies":[{"embeddable":true,"href":"https:\/\/douarnenez-treboul-location.fr\/index.php\/wp-json\/wp\/v2\/comments?post=8"}],"version-history":[{"count":2,"href":"https:\/\/douarnenez-treboul-location.fr\/index.php\/wp-json\/wp\/v2\/pages\/8\/revisions"}],"predecessor-version":[{"id":31,"href":"https:\/\/douarnenez-treboul-location.fr\/index.php\/wp-json\/wp\/v2\/pages\/8\/revisions\/31"}],"wp:featuredmedia":[{"embeddable":true,"href":"https:\/\/douarnenez-treboul-location.fr\/index.php\/wp-json\/wp\/v2\/media\/32"}],"wp:attachment":[{"href":"https:\/\/douarnenez-treboul-location.fr\/index.php\/wp-json\/wp\/v2\/media?parent=8"}],"curies":[{"name":"wp","href":"https:\/\/api.w.org\/{rel}","templated":true}]}}